{"id":1528,"date":"2026-01-22T11:17:12","date_gmt":"2026-01-22T08:17:12","guid":{"rendered":"https:\/\/yeni.star.org.tr\/duyurular\/"},"modified":"2026-01-29T17:36:29","modified_gmt":"2026-01-29T14:36:29","slug":"announcements","status":"publish","type":"page","link":"https:\/\/star.org.tr\/en\/announcements\/","title":{"rendered":"Announcements"},"content":{"rendered":"<style>.elementor-1528 .elementor-element.elementor-element-3020019{--display:flex;}.elementor-1528 .elementor-element.elementor-element-3020019:not(.elementor-motion-effects-element-type-background), .elementor-1528 .elementor-element.elementor-element-3020019 > .elementor-motion-effects-container > .elementor-motion-effects-layer{background-color:#F6F6F6;}.elementor-widget-text-editor{font-family:var( --e-global-typography-text-font-family ), Sans-serif;font-size:var( --e-global-typography-text-font-size );font-weight:var( --e-global-typography-text-font-weight );text-transform:var( --e-global-typography-text-text-transform );line-height:var( --e-global-typography-text-line-height );letter-spacing:var( --e-global-typography-text-letter-spacing );color:var( --e-global-color-text );}.elementor-widget-text-editor.elementor-drop-cap-view-stacked .elementor-drop-cap{background-color:var( --e-global-color-primary );}.elementor-widget-text-editor.elementor-drop-cap-view-framed .elementor-drop-cap, .elementor-widget-text-editor.elementor-drop-cap-view-default .elementor-drop-cap{color:var( --e-global-color-primary );border-color:var( --e-global-color-primary );}.elementor-1528 .elementor-element.elementor-element-c8437f9{text-align:center;font-family:\"Poppins\", Sans-serif;font-size:25px;font-weight:600;text-transform:none;line-height:1.8em;letter-spacing:0px;color:#202B5D;margin:30px 0px calc(var(--kit-widget-spacing, 0px) + 0px) 0px;}.elementor-1528 .elementor-element.elementor-element-f5c5cc4{text-align:center;font-family:\"Poppins\", Sans-serif;font-size:25px;font-weight:600;text-transform:none;line-height:1.8em;letter-spacing:0px;color:#202B5D;margin:-40px 0px calc(var(--kit-widget-spacing, 0px) + 0px) 0px;}.elementor-1528 .elementor-element.elementor-element-2b0792d{--display:flex;--flex-direction:column;--container-widget-width:100%;--container-widget-height:initial;--container-widget-flex-grow:0;--container-widget-align-self:initial;--flex-wrap-mobile:wrap;--margin-top:0px;--margin-bottom:0px;--margin-left:0px;--margin-right:0px;--padding-top:20px;--padding-bottom:50px;--padding-left:50px;--padding-right:50px;}.elementor-1528 .elementor-element.elementor-element-2b0792d:not(.elementor-motion-effects-element-type-background), .elementor-1528 .elementor-element.elementor-element-2b0792d > .elementor-motion-effects-container > .elementor-motion-effects-layer{background-color:#FFFFFF;}.elementor-widget-icon-box.elementor-view-stacked .elementor-icon{background-color:var( --e-global-color-primary );}.elementor-widget-icon-box.elementor-view-framed .elementor-icon, .elementor-widget-icon-box.elementor-view-default .elementor-icon{fill:var( --e-global-color-primary );color:var( --e-global-color-primary );border-color:var( --e-global-color-primary );}.elementor-widget-icon-box .elementor-icon-box-title, .elementor-widget-icon-box .elementor-icon-box-title a{font-family:var( --e-global-typography-primary-font-family ), Sans-serif;font-size:var( --e-global-typography-primary-font-size );font-weight:var( --e-global-typography-primary-font-weight );text-transform:var( --e-global-typography-primary-text-transform );font-style:var( --e-global-typography-primary-font-style );line-height:var( --e-global-typography-primary-line-height );letter-spacing:var( --e-global-typography-primary-letter-spacing );}.elementor-widget-icon-box .elementor-icon-box-title{color:var( --e-global-color-primary );}.elementor-widget-icon-box:has(:hover) .elementor-icon-box-title,\n\t\t\t\t\t .elementor-widget-icon-box:has(:focus) .elementor-icon-box-title{color:var( --e-global-color-primary );}.elementor-widget-icon-box .elementor-icon-box-description{font-family:var( --e-global-typography-text-font-family ), Sans-serif;font-size:var( --e-global-typography-text-font-size );font-weight:var( --e-global-typography-text-font-weight );text-transform:var( --e-global-typography-text-text-transform );line-height:var( --e-global-typography-text-line-height );letter-spacing:var( --e-global-typography-text-letter-spacing );color:var( --e-global-color-text );}.elementor-1528 .elementor-element.elementor-element-af7efff .elementor-icon-box-wrapper{align-items:start;text-align:start;gap:15px;}.elementor-1528 .elementor-element.elementor-element-af7efff .elementor-icon-box-title{margin-block-end:0px;color:#202B5D;}.elementor-1528 .elementor-element.elementor-element-af7efff.elementor-view-stacked .elementor-icon{background-color:#FF3514;}.elementor-1528 .elementor-element.elementor-element-af7efff.elementor-view-framed .elementor-icon, .elementor-1528 .elementor-element.elementor-element-af7efff.elementor-view-default .elementor-icon{fill:#FF3514;color:#FF3514;border-color:#FF3514;}.elementor-1528 .elementor-element.elementor-element-af7efff.elementor-view-stacked:has(:hover) .elementor-icon,\n\t\t\t\t\t .elementor-1528 .elementor-element.elementor-element-af7efff.elementor-view-stacked:has(:focus) .elementor-icon{background-color:#FF3514;}.elementor-1528 .elementor-element.elementor-element-af7efff.elementor-view-framed:has(:hover) .elementor-icon,\n\t\t\t\t\t .elementor-1528 .elementor-element.elementor-element-af7efff.elementor-view-default:has(:hover) .elementor-icon,\n\t\t\t\t\t .elementor-1528 .elementor-element.elementor-element-af7efff.elementor-view-framed:has(:focus) .elementor-icon,\n\t\t\t\t\t .elementor-1528 .elementor-element.elementor-element-af7efff.elementor-view-default:has(:focus) .elementor-icon{fill:#FF3514;color:#FF3514;border-color:#FF3514;}.elementor-1528 .elementor-element.elementor-element-af7efff .elementor-icon{font-size:25px;}.elementor-1528 .elementor-element.elementor-element-af7efff .elementor-icon-box-title, .elementor-1528 .elementor-element.elementor-element-af7efff .elementor-icon-box-title a{font-size:18px;font-weight:600;text-transform:none;font-style:normal;line-height:1.2em;letter-spacing:-1.5px;}.elementor-1528 .elementor-element.elementor-element-af7efff .elementor-icon-box-description{font-size:14px;font-weight:400;text-transform:none;line-height:1.8em;letter-spacing:0px;color:#62718D;}.elementor-1528 .elementor-element.elementor-element-87f5380 .elementor-icon-box-wrapper{align-items:start;text-align:start;gap:15px;}.elementor-1528 .elementor-element.elementor-element-87f5380 .elementor-icon-box-title{margin-block-end:0px;color:#202B5D;}.elementor-1528 .elementor-element.elementor-element-87f5380.elementor-view-stacked .elementor-icon{background-color:#FF3514;}.elementor-1528 .elementor-element.elementor-element-87f5380.elementor-view-framed .elementor-icon, .elementor-1528 .elementor-element.elementor-element-87f5380.elementor-view-default .elementor-icon{fill:#FF3514;color:#FF3514;border-color:#FF3514;}.elementor-1528 .elementor-element.elementor-element-87f5380.elementor-view-stacked:has(:hover) .elementor-icon,\n\t\t\t\t\t .elementor-1528 .elementor-element.elementor-element-87f5380.elementor-view-stacked:has(:focus) .elementor-icon{background-color:#FF3514;}.elementor-1528 .elementor-element.elementor-element-87f5380.elementor-view-framed:has(:hover) .elementor-icon,\n\t\t\t\t\t .elementor-1528 .elementor-element.elementor-element-87f5380.elementor-view-default:has(:hover) .elementor-icon,\n\t\t\t\t\t .elementor-1528 .elementor-element.elementor-element-87f5380.elementor-view-framed:has(:focus) .elementor-icon,\n\t\t\t\t\t .elementor-1528 .elementor-element.elementor-element-87f5380.elementor-view-default:has(:focus) .elementor-icon{fill:#FF3514;color:#FF3514;border-color:#FF3514;}.elementor-1528 .elementor-element.elementor-element-87f5380 .elementor-icon{font-size:25px;}.elementor-1528 .elementor-element.elementor-element-87f5380 .elementor-icon-box-title, .elementor-1528 .elementor-element.elementor-element-87f5380 .elementor-icon-box-title a{font-size:18px;font-weight:600;text-transform:none;font-style:normal;line-height:1.2em;letter-spacing:-1.5px;}.elementor-1528 .elementor-element.elementor-element-87f5380 .elementor-icon-box-description{font-size:14px;font-weight:400;text-transform:none;line-height:1.8em;letter-spacing:0px;color:#62718D;}:root{--page-title-display:none;}@media(max-width:1366px){.elementor-widget-text-editor{font-size:var( --e-global-typography-text-font-size );line-height:var( --e-global-typography-text-line-height );letter-spacing:var( --e-global-typography-text-letter-spacing );}.elementor-widget-icon-box .elementor-icon-box-title, .elementor-widget-icon-box .elementor-icon-box-title a{font-size:var( --e-global-typography-primary-font-size );line-height:var( --e-global-typography-primary-line-height );letter-spacing:var( --e-global-typography-primary-letter-spacing );}.elementor-widget-icon-box .elementor-icon-box-description{font-size:var( --e-global-typography-text-font-size );line-height:var( --e-global-typography-text-line-height );letter-spacing:var( --e-global-typography-text-letter-spacing );}.elementor-1528 .elementor-element.elementor-element-af7efff .elementor-icon-box-title, .elementor-1528 .elementor-element.elementor-element-af7efff .elementor-icon-box-title a{font-size:63px;}.elementor-1528 .elementor-element.elementor-element-87f5380 .elementor-icon-box-title, .elementor-1528 .elementor-element.elementor-element-87f5380 .elementor-icon-box-title a{font-size:63px;}}@media(max-width:1024px){.elementor-widget-text-editor{font-size:var( --e-global-typography-text-font-size );line-height:var( --e-global-typography-text-line-height );letter-spacing:var( --e-global-typography-text-letter-spacing );}.elementor-1528 .elementor-element.elementor-element-c8437f9{font-size:15px;}.elementor-1528 .elementor-element.elementor-element-f5c5cc4{font-size:15px;}.elementor-widget-icon-box .elementor-icon-box-title, .elementor-widget-icon-box .elementor-icon-box-title a{font-size:var( --e-global-typography-primary-font-size );line-height:var( --e-global-typography-primary-line-height );letter-spacing:var( --e-global-typography-primary-letter-spacing );}.elementor-widget-icon-box .elementor-icon-box-description{font-size:var( --e-global-typography-text-font-size );line-height:var( --e-global-typography-text-line-height );letter-spacing:var( --e-global-typography-text-letter-spacing );}.elementor-1528 .elementor-element.elementor-element-af7efff .elementor-icon-box-title, .elementor-1528 .elementor-element.elementor-element-af7efff .elementor-icon-box-title a{font-size:52px;}.elementor-1528 .elementor-element.elementor-element-af7efff .elementor-icon-box-description{font-size:15px;}.elementor-1528 .elementor-element.elementor-element-87f5380 .elementor-icon-box-title, .elementor-1528 .elementor-element.elementor-element-87f5380 .elementor-icon-box-title a{font-size:52px;}.elementor-1528 .elementor-element.elementor-element-87f5380 .elementor-icon-box-description{font-size:15px;}}@media(max-width:767px){.elementor-widget-text-editor{font-size:var( --e-global-typography-text-font-size );line-height:var( --e-global-typography-text-line-height );letter-spacing:var( --e-global-typography-text-letter-spacing );}.elementor-1528 .elementor-element.elementor-element-c8437f9{font-size:20px;}.elementor-1528 .elementor-element.elementor-element-f5c5cc4{font-size:15px;margin:-30px 0px calc(var(--kit-widget-spacing, 0px) + 0px) 0px;}.elementor-1528 .elementor-element.elementor-element-2b0792d{--padding-top:20px;--padding-bottom:40px;--padding-left:10px;--padding-right:10px;}.elementor-widget-icon-box .elementor-icon-box-title, .elementor-widget-icon-box .elementor-icon-box-title a{font-size:var( --e-global-typography-primary-font-size );line-height:var( --e-global-typography-primary-line-height );letter-spacing:var( --e-global-typography-primary-letter-spacing );}.elementor-widget-icon-box .elementor-icon-box-description{font-size:var( --e-global-typography-text-font-size );line-height:var( --e-global-typography-text-line-height );letter-spacing:var( --e-global-typography-text-letter-spacing );}.elementor-1528 .elementor-element.elementor-element-af7efff .elementor-icon-box-title{margin-block-end:5px;}.elementor-1528 .elementor-element.elementor-element-af7efff .elementor-icon{font-size:20px;}.elementor-1528 .elementor-element.elementor-element-af7efff .elementor-icon-box-title, .elementor-1528 .elementor-element.elementor-element-af7efff .elementor-icon-box-title a{font-size:17px;}.elementor-1528 .elementor-element.elementor-element-af7efff .elementor-icon-box-description{font-size:13px;line-height:18px;}.elementor-1528 .elementor-element.elementor-element-87f5380 .elementor-icon-box-title{margin-block-end:5px;}.elementor-1528 .elementor-element.elementor-element-87f5380 .elementor-icon{font-size:20px;}.elementor-1528 .elementor-element.elementor-element-87f5380 .elementor-icon-box-title, .elementor-1528 .elementor-element.elementor-element-87f5380 .elementor-icon-box-title a{font-size:17px;}.elementor-1528 .elementor-element.elementor-element-87f5380 .elementor-icon-box-description{font-size:13px;line-height:18px;}}<\/style>\t\t<div data-elementor-type=\"wp-page\" data-elementor-id=\"1528\" class=\"elementor elementor-1528 elementor-169\">\n\t\t\t\t<div class=\"elementor-element elementor-element-3020019 e-flex e-con-boxed e-con e-parent\" data-id=\"3020019\" data-element_type=\"container\" data-e-type=\"container\" data-settings=\"{&quot;background_background&quot;:&quot;classic&quot;}\">\n\t\t\t\t\t<div class=\"e-con-inner\">\n\t\t\t\t<div class=\"elementor-element elementor-element-c8437f9 elementor-widget elementor-widget-text-editor\" data-id=\"c8437f9\" data-element_type=\"widget\" data-e-type=\"widget\" data-widget_type=\"text-editor.default\">\n\t\t\t\t\t\t\t\t\t<p>Announcements<\/p>\t\t\t\t\t\t\t\t<\/div>\n\t\t\t\t<div class=\"elementor-element elementor-element-f5c5cc4 elementor-widget elementor-widget-text-editor\" data-id=\"f5c5cc4\" data-element_type=\"widget\" data-e-type=\"widget\" data-widget_type=\"text-editor.default\">\n\t\t\t\t\t\t\t\t\t<ul id=\"breadcrumb\">\n \t<li class=\"breadcrumb-item\">Events \/<\/li>\n \t<li class=\"breadcrumb-item\"><span class=\"active\">Announcements<\/span><\/li>\n<\/ul>\t\t\t\t\t\t\t\t<\/div>\n\t\t\t\t\t<\/div>\n\t\t\t\t<\/div>\n\t\t<div class=\"elementor-element elementor-element-2b0792d e-con-full e-flex e-con e-parent\" data-id=\"2b0792d\" data-element_type=\"container\" data-e-type=\"container\" id=\"kurumsal-egitimler\" data-settings=\"{&quot;background_background&quot;:&quot;classic&quot;}\">\n\t\t\t\t<div class=\"elementor-element elementor-element-af7efff elementor-position-inline-start elementor-mobile-position-inline-start elementor-view-default elementor-widget elementor-widget-icon-box\" data-id=\"af7efff\" data-element_type=\"widget\" data-e-type=\"widget\" data-widget_type=\"icon-box.default\">\n\t\t\t\t\t\t\t<div class=\"elementor-icon-box-wrapper\">\n\n\t\t\t\t\t\t<div class=\"elementor-icon-box-icon\">\n\t\t\t\t<span  class=\"elementor-icon\">\n\t\t\t\t<svg aria-hidden=\"true\" class=\"e-font-icon-svg e-fas-graduation-cap\" viewBox=\"0 0 640 512\" xmlns=\"http:\/\/www.w3.org\/2000\/svg\"><path d=\"M622.34 153.2L343.4 67.5c-15.2-4.67-31.6-4.67-46.79 0L17.66 153.2c-23.54 7.23-23.54 38.36 0 45.59l48.63 14.94c-10.67 13.19-17.23 29.28-17.88 46.9C38.78 266.15 32 276.11 32 288c0 10.78 5.68 19.85 13.86 25.65L20.33 428.53C18.11 438.52 25.71 448 35.94 448h56.11c10.24 0 17.84-9.48 15.62-19.47L82.14 313.65C90.32 307.85 96 298.78 96 288c0-11.57-6.47-21.25-15.66-26.87.76-15.02 8.44-28.3 20.69-36.72L296.6 284.5c9.06 2.78 26.44 6.25 46.79 0l278.95-85.7c23.55-7.24 23.55-38.36 0-45.6zM352.79 315.09c-28.53 8.76-52.84 3.92-65.59 0l-145.02-44.55L128 384c0 35.35 85.96 64 192 64s192-28.65 192-64l-14.18-113.47-145.03 44.56z\"><\/path><\/svg>\t\t\t\t<\/span>\n\t\t\t<\/div>\n\t\t\t\n\t\t\t\t\t\t<div class=\"elementor-icon-box-content\">\n\n\t\t\t\t\t\t\t\t\t<h3 class=\"elementor-icon-box-title\">\n\t\t\t\t\t\t<span  >\n\t\t\t\t\t\t\tSTAR Akreditasyon\u2019dan Mesaj\t\t\t\t\t\t<\/span>\n\t\t\t\t\t<\/h3>\n\t\t\t\t\n\t\t\t\t\t\t\t\t\t<p class=\"elementor-icon-box-description\">\n\t\t\t\t\t\tSTAR Akreditasyon, 2025\u20132026 akademik y\u0131l\u0131n\u0131n ba\u015flamas\u0131 vesilesiyle t\u00fcm y\u00fcksek\u00f6\u011fretim kurumlar\u0131na, y\u00f6neticilere, akademisyenlere, idari personele ve \u00f6\u011frencilere ba\u015far\u0131lar dilemektedir.<br><br>\n\nYeni akademik y\u0131l, bilgi \u00fcretiminin, payla\u015f\u0131m\u0131n\u0131n ve toplumsal katk\u0131n\u0131n g\u00fc\u00e7lenmesi a\u00e7\u0131s\u0131ndan \u00f6nemli bir f\u0131rsat sunmaktad\u0131r. STAR Akreditasyon, kalite g\u00fcvencesini yaln\u0131zca akademik standartlar\u0131n korunmas\u0131 olarak de\u011fil, ayn\u0131 zamanda s\u00fcrekli geli\u015fim ve iyile\u015fmenin g\u00fcvencesi olarak g\u00f6rmektedir.<br><br>\n\nSTAR Akreditasyon, y\u00fcksek\u00f6\u011fretim kurumlar\u0131n\u0131n ulusal ve uluslararas\u0131 d\u00fczeyde rekabet g\u00fcc\u00fcn\u00fc art\u0131rmas\u0131n\u0131 ve \u015feffaf, g\u00fcvenilir, s\u00fcrd\u00fcr\u00fclebilir bir kalite k\u00fclt\u00fcr\u00fcn\u00fcn yayg\u0131nla\u015fmas\u0131n\u0131 desteklemektedir.<br><br>\n\nSTAR Akreditasyon, 2025\u20132026 akademik y\u0131l\u0131n\u0131n y\u00fcksek\u00f6\u011fretim ekosistemine yeni ba\u015far\u0131lar ve g\u00fc\u00e7l\u00fc i\u015f birlikleri kazand\u0131rmas\u0131n\u0131 temenni etmekte; \u00f6\u011frencilerin \u00f6\u011frenim s\u00fcre\u00e7lerinde, akademisyenlerin ve kurumlar\u0131n kalite odakl\u0131 \u00e7al\u0131\u015fmalar\u0131nda \u00fcst\u00fcn ba\u015far\u0131lar dilemektedir.<br><br>\n\nSTAR Akreditasyon\t\t\t\t\t<\/p>\n\t\t\t\t\n\t\t\t<\/div>\n\t\t\t\n\t\t<\/div>\n\t\t\t\t\t\t<\/div>\n\t\t\t\t<div class=\"elementor-element elementor-element-87f5380 elementor-position-inline-start elementor-mobile-position-inline-start elementor-view-default elementor-widget elementor-widget-icon-box\" data-id=\"87f5380\" data-element_type=\"widget\" data-e-type=\"widget\" data-widget_type=\"icon-box.default\">\n\t\t\t\t\t\t\t<div class=\"elementor-icon-box-wrapper\">\n\n\t\t\t\t\t\t<div class=\"elementor-icon-box-icon\">\n\t\t\t\t<span  class=\"elementor-icon\">\n\t\t\t\t<svg aria-hidden=\"true\" class=\"e-font-icon-svg e-fas-graduation-cap\" viewBox=\"0 0 640 512\" xmlns=\"http:\/\/www.w3.org\/2000\/svg\"><path d=\"M622.34 153.2L343.4 67.5c-15.2-4.67-31.6-4.67-46.79 0L17.66 153.2c-23.54 7.23-23.54 38.36 0 45.59l48.63 14.94c-10.67 13.19-17.23 29.28-17.88 46.9C38.78 266.15 32 276.11 32 288c0 10.78 5.68 19.85 13.86 25.65L20.33 428.53C18.11 438.52 25.71 448 35.94 448h56.11c10.24 0 17.84-9.48 15.62-19.47L82.14 313.65C90.32 307.85 96 298.78 96 288c0-11.57-6.47-21.25-15.66-26.87.76-15.02 8.44-28.3 20.69-36.72L296.6 284.5c9.06 2.78 26.44 6.25 46.79 0l278.95-85.7c23.55-7.24 23.55-38.36 0-45.6zM352.79 315.09c-28.53 8.76-52.84 3.92-65.59 0l-145.02-44.55L128 384c0 35.35 85.96 64 192 64s192-28.65 192-64l-14.18-113.47-145.03 44.56z\"><\/path><\/svg>\t\t\t\t<\/span>\n\t\t\t<\/div>\n\t\t\t\n\t\t\t\t\t\t<div class=\"elementor-icon-box-content\">\n\n\t\t\t\t\t\t\t\t\t<h3 class=\"elementor-icon-box-title\">\n\t\t\t\t\t\t<span  >\n\t\t\t\t\t\t\tKalite Koordinat\u00f6rl\u00fckleri \u0130\u00e7in Akreditasyon S\u00fcreci Bilgilendirme Toplant\u0131s\u0131\t\t\t\t\t\t<\/span>\n\t\t\t\t\t<\/h3>\n\t\t\t\t\n\t\t\t\t\t\t\t\t\t<p class=\"elementor-icon-box-description\">\n\t\t\t\t\t\tSTAR taraf\u0131ndan Marmara B\u00f6lgesi \u00fcniversitelerinde \u00dcniversite Kalite Koordinat\u00f6rl\u00fckleri\/Kalite Ofisleri b\u00fcnyesinde g\u00f6rev yapan akademik veya idari personelin bilgilendirilmesi amac\u0131yla toplant\u0131 yap\u0131lmas\u0131 planlanmaktad\u0131r. <br><br>\n\n<b>Toplant\u0131 Detaylar\u0131:<\/b><br>\nTarih: 18 Nisan 2025, Cuma<br>\nSaat: 14:00 \u2013 16:00<br>\nYer: \u0130stinye \u00dcniversitesi Vadi H kamp\u00fcs 1. Kat Konferans Salonu<br>\nKay\u0131t i\u00e7in t\u0131klay\u0131n\u0131z.<br>\nKay\u0131t i\u00e7in son tarih: 16 Nisan 2025, \u00c7ar\u015famba Saat:17:00<br><br>\n\n<b>Toplant\u0131 Kapsam\u0131:<\/b><br>\n\u2022 STAR akreditasyon s\u00fcreci ve 2024 y\u0131l\u0131 de\u011ferlendirmesi,<br>\n\u2022 Y\u00d6KAK taraf\u0131ndan yetkilendirilen yeni program alanlar\u0131na ili\u015fkin bilgilendirme,\n\u2022 De\u011ferlendirme kriterleri,<br>\n\u2022 Ba\u015fvuru ve de\u011ferlendirme takvimi, ba\u015fvuru ko\u015fullar\u0131 ve gerekli belgeler,<br>\n\u2022 \u00d6zde\u011ferlendirme raporlar\u0131n\u0131n haz\u0131rlanmas\u0131nda dikkat edilmesi gereken hususlar,<br>\n\u2022 De\u011ferlendirici ekiplerin se\u00e7imi, ziyaret s\u00fcreci ve de\u011ferlendirme y\u00f6ntemleri ba\u015fl\u0131klar\u0131nda STAR yetkilileri taraf\u0131ndan sunumlar ger\u00e7ekle\u015ftirilecektir.\t\t\t\t\t<\/p>\n\t\t\t\t\n\t\t\t<\/div>\n\t\t\t\n\t\t<\/div>\n\t\t\t\t\t\t<\/div>\n\t\t\t\t<div class=\"elementor-element elementor-element-142aa1e elementor-widget elementor-widget-html\" data-id=\"142aa1e\" data-element_type=\"widget\" data-e-type=\"widget\" data-widget_type=\"html.default\">\n\t\t\t\t\t<style>\n    .elementor-icon-box-title{\n            margin-top: 0!important;\n    }\n<\/style>\t\t\t\t<\/div>\n\t\t\t\t<\/div>\n\t\t\t\t<\/div>\n\t\t","protected":false},"excerpt":{"rendered":"<p>Announcements Events \/ Announcements STAR Akreditasyon\u2019dan Mesaj STAR Akreditasyon, 2025\u20132026 akademik y\u0131l\u0131n\u0131n ba\u015flamas\u0131 vesilesiyle t\u00fcm y\u00fcksek\u00f6\u011fretim kurumlar\u0131na, y\u00f6neticilere, akademisyenlere, idari personele ve \u00f6\u011frencilere ba\u015far\u0131lar dilemektedir. Yeni akademik y\u0131l, bilgi \u00fcretiminin, payla\u015f\u0131m\u0131n\u0131n ve toplumsal katk\u0131n\u0131n g\u00fc\u00e7lenmesi a\u00e7\u0131s\u0131ndan \u00f6nemli bir f\u0131rsat sunmaktad\u0131r. STAR Akreditasyon, kalite g\u00fcvencesini yaln\u0131zca akademik standartlar\u0131n korunmas\u0131 olarak de\u011fil, ayn\u0131 zamanda s\u00fcrekli geli\u015fim ve [&hellip;]<\/p>\n","protected":false},"author":1,"featured_media":0,"parent":0,"menu_order":0,"comment_status":"closed","ping_status":"closed","template":"","meta":{"footnotes":""},"class_list":["post-1528","page","type-page","status-publish","hentry"],"_links":{"self":[{"href":"https:\/\/star.org.tr\/en\/wp-json\/wp\/v2\/pages\/1528","targetHints":{"allow":["GET"]}}],"collection":[{"href":"https:\/\/star.org.tr\/en\/wp-json\/wp\/v2\/pages"}],"about":[{"href":"https:\/\/star.org.tr\/en\/wp-json\/wp\/v2\/types\/page"}],"author":[{"embeddable":true,"href":"https:\/\/star.org.tr\/en\/wp-json\/wp\/v2\/users\/1"}],"replies":[{"embeddable":true,"href":"https:\/\/star.org.tr\/en\/wp-json\/wp\/v2\/comments?post=1528"}],"version-history":[{"count":4,"href":"https:\/\/star.org.tr\/en\/wp-json\/wp\/v2\/pages\/1528\/revisions"}],"predecessor-version":[{"id":1585,"href":"https:\/\/star.org.tr\/en\/wp-json\/wp\/v2\/pages\/1528\/revisions\/1585"}],"wp:attachment":[{"href":"https:\/\/star.org.tr\/en\/wp-json\/wp\/v2\/media?parent=1528"}],"curies":[{"name":"wp","href":"https:\/\/api.w.org\/{rel}","templated":true}]}}