{"id":1540,"date":"2026-01-26T21:52:47","date_gmt":"2026-01-26T18:52:47","guid":{"rendered":"https:\/\/yeni.star.org.tr\/komiteler\/egitim-komitesi\/"},"modified":"2026-01-30T11:31:19","modified_gmt":"2026-01-30T08:31:19","slug":"education-committee","status":"publish","type":"page","link":"https:\/\/star.org.tr\/en\/committees\/education-committee\/","title":{"rendered":"Education Committee"},"content":{"rendered":"<style>.elementor-1540 .elementor-element.elementor-element-8d8b306{--display:flex;}.elementor-1540 .elementor-element.elementor-element-8d8b306:not(.elementor-motion-effects-element-type-background), .elementor-1540 .elementor-element.elementor-element-8d8b306 > .elementor-motion-effects-container > .elementor-motion-effects-layer{background-color:#F6F6F6;}.elementor-widget-text-editor{font-family:var( --e-global-typography-text-font-family ), Sans-serif;font-size:var( --e-global-typography-text-font-size );font-weight:var( --e-global-typography-text-font-weight );text-transform:var( --e-global-typography-text-text-transform );line-height:var( --e-global-typography-text-line-height );letter-spacing:var( --e-global-typography-text-letter-spacing );color:var( --e-global-color-text );}.elementor-widget-text-editor.elementor-drop-cap-view-stacked .elementor-drop-cap{background-color:var( --e-global-color-primary );}.elementor-widget-text-editor.elementor-drop-cap-view-framed .elementor-drop-cap, .elementor-widget-text-editor.elementor-drop-cap-view-default .elementor-drop-cap{color:var( --e-global-color-primary );border-color:var( --e-global-color-primary );}.elementor-1540 .elementor-element.elementor-element-4d6d101{text-align:center;font-family:\"Poppins\", Sans-serif;font-size:25px;font-weight:600;text-transform:none;line-height:1.8em;letter-spacing:0px;color:#202B5D;margin:30px 0px calc(var(--kit-widget-spacing, 0px) + 0px) 0px;}.elementor-1540 .elementor-element.elementor-element-ebd19ad{text-align:center;font-family:\"Poppins\", Sans-serif;font-size:25px;font-weight:600;text-transform:none;line-height:1.8em;letter-spacing:0px;color:#202B5D;margin:-40px 0px calc(var(--kit-widget-spacing, 0px) + 0px) 0px;}.elementor-1540 .elementor-element.elementor-element-80cca03{--display:flex;--flex-direction:column;--container-widget-width:100%;--container-widget-height:initial;--container-widget-flex-grow:0;--container-widget-align-self:initial;--flex-wrap-mobile:wrap;--margin-top:0px;--margin-bottom:0px;--margin-left:0px;--margin-right:0px;--padding-top:20px;--padding-bottom:20px;--padding-left:50px;--padding-right:50px;}.elementor-1540 .elementor-element.elementor-element-80cca03:not(.elementor-motion-effects-element-type-background), .elementor-1540 .elementor-element.elementor-element-80cca03 > .elementor-motion-effects-container > .elementor-motion-effects-layer{background-color:#FFFFFF;}.elementor-1540 .elementor-element.elementor-element-8f4fd04{font-size:16px;font-weight:400;text-transform:none;text-decoration:none;line-height:1.8em;letter-spacing:0px;color:#202B5D;}.elementor-1540 .elementor-element.elementor-element-8f4fd04 a{color:#202B5D;}:root{--page-title-display:none;}@media(max-width:1366px){.elementor-widget-text-editor{font-size:var( --e-global-typography-text-font-size );line-height:var( --e-global-typography-text-line-height );letter-spacing:var( --e-global-typography-text-letter-spacing );}}@media(max-width:1024px){.elementor-widget-text-editor{font-size:var( --e-global-typography-text-font-size );line-height:var( --e-global-typography-text-line-height );letter-spacing:var( --e-global-typography-text-letter-spacing );}.elementor-1540 .elementor-element.elementor-element-4d6d101{font-size:15px;}.elementor-1540 .elementor-element.elementor-element-ebd19ad{font-size:15px;}.elementor-1540 .elementor-element.elementor-element-8f4fd04{font-size:15px;}}@media(max-width:767px){.elementor-widget-text-editor{font-size:var( --e-global-typography-text-font-size );line-height:var( --e-global-typography-text-line-height );letter-spacing:var( --e-global-typography-text-letter-spacing );}.elementor-1540 .elementor-element.elementor-element-4d6d101{font-size:20px;}.elementor-1540 .elementor-element.elementor-element-ebd19ad{font-size:15px;margin:-30px 0px calc(var(--kit-widget-spacing, 0px) + 0px) 0px;}.elementor-1540 .elementor-element.elementor-element-80cca03{--padding-top:20px;--padding-bottom:20px;--padding-left:10px;--padding-right:10px;}.elementor-1540 .elementor-element.elementor-element-8f4fd04{font-size:15px;}}<\/style>\t\t<div data-elementor-type=\"wp-page\" data-elementor-id=\"1540\" class=\"elementor elementor-1540 elementor-732\">\n\t\t\t\t<div class=\"elementor-element elementor-element-8d8b306 e-flex e-con-boxed e-con e-parent\" data-id=\"8d8b306\" data-element_type=\"container\" data-e-type=\"container\" data-settings=\"{&quot;background_background&quot;:&quot;classic&quot;}\">\n\t\t\t\t\t<div class=\"e-con-inner\">\n\t\t\t\t<div class=\"elementor-element elementor-element-4d6d101 elementor-widget elementor-widget-text-editor\" data-id=\"4d6d101\" data-element_type=\"widget\" data-e-type=\"widget\" data-widget_type=\"text-editor.default\">\n\t\t\t\t\t\t\t\t\t<p>Education Committee<\/p>\t\t\t\t\t\t\t\t<\/div>\n\t\t\t\t<div class=\"elementor-element elementor-element-ebd19ad elementor-hidden-tablet elementor-hidden-mobile elementor-widget elementor-widget-text-editor\" data-id=\"ebd19ad\" data-element_type=\"widget\" data-e-type=\"widget\" data-widget_type=\"text-editor.default\">\n\t\t\t\t\t\t\t\t\t<ul id=\"breadcrumb\">\n \t<li class=\"breadcrumb-item\">Committees \/<\/li>\n \t<li class=\"breadcrumb-item\"><span class=\"active\">Education Committee\n<\/span><\/li>\n<\/ul>\t\t\t\t\t\t\t\t<\/div>\n\t\t\t\t\t<\/div>\n\t\t\t\t<\/div>\n\t\t<div class=\"elementor-element elementor-element-80cca03 e-con-full e-flex e-con e-parent\" data-id=\"80cca03\" data-element_type=\"container\" data-e-type=\"container\" id=\"kurumsal-egitimler\" data-settings=\"{&quot;background_background&quot;:&quot;classic&quot;}\">\n\t\t\t\t<div class=\"elementor-element elementor-element-8f4fd04 elementor-widget elementor-widget-text-editor\" data-id=\"8f4fd04\" data-element_type=\"widget\" data-e-type=\"widget\" id=\"yonerge\" data-widget_type=\"text-editor.default\">\n\t\t\t\t\t\t\t\t\t<table><thead><tr><th>\u00a0<\/th><th>Duty<\/th><th>Title<\/th><th>Name-Surname<\/th><\/tr><\/thead><tbody><tr><td>1<\/td><td>Chairperson<\/td><td>Professor Doctor<\/td><td>Dilaver TENG\u0130L\u0130MO\u011eLU<\/td><\/tr><tr><td>2<\/td><td>Member<\/td><td>PhD Lecturer<\/td><td>Erg\u00fcl S\u00d6YLEMEZO\u011eLU<\/td><\/tr><tr><td>3<\/td><td>Member<\/td><td>Education Consultant<\/td><td>Sanem SE\u00c7MENO\u011eLU<\/td><\/tr><\/tbody><\/table>\t\t\t\t\t\t\t\t<\/div>\n\t\t\t\t<\/div>\n\t\t\t\t<\/div>\n\t\t","protected":false},"excerpt":{"rendered":"<p>Education Committee Committees \/ Education Committee \u00a0 Duty Title Name-Surname 1 Chairperson Professor Doctor Dilaver TENG\u0130L\u0130MO\u011eLU 2 Member PhD Lecturer Erg\u00fcl S\u00d6YLEMEZO\u011eLU 3 Member Education Consultant Sanem SE\u00c7MENO\u011eLU<\/p>\n","protected":false},"author":1,"featured_media":0,"parent":1537,"menu_order":0,"comment_status":"closed","ping_status":"closed","template":"","meta":{"footnotes":""},"class_list":["post-1540","page","type-page","status-publish","hentry"],"_links":{"self":[{"href":"https:\/\/star.org.tr\/en\/wp-json\/wp\/v2\/pages\/1540","targetHints":{"allow":["GET"]}}],"collection":[{"href":"https:\/\/star.org.tr\/en\/wp-json\/wp\/v2\/pages"}],"about":[{"href":"https:\/\/star.org.tr\/en\/wp-json\/wp\/v2\/types\/page"}],"author":[{"embeddable":true,"href":"https:\/\/star.org.tr\/en\/wp-json\/wp\/v2\/users\/1"}],"replies":[{"embeddable":true,"href":"https:\/\/star.org.tr\/en\/wp-json\/wp\/v2\/comments?post=1540"}],"version-history":[{"count":4,"href":"https:\/\/star.org.tr\/en\/wp-json\/wp\/v2\/pages\/1540\/revisions"}],"predecessor-version":[{"id":1811,"href":"https:\/\/star.org.tr\/en\/wp-json\/wp\/v2\/pages\/1540\/revisions\/1811"}],"up":[{"embeddable":true,"href":"https:\/\/star.org.tr\/en\/wp-json\/wp\/v2\/pages\/1537"}],"wp:attachment":[{"href":"https:\/\/star.org.tr\/en\/wp-json\/wp\/v2\/media?parent=1540"}],"curies":[{"name":"wp","href":"https:\/\/api.w.org\/{rel}","templated":true}]}}