{"id":1541,"date":"2026-01-26T21:52:03","date_gmt":"2026-01-26T18:52:03","guid":{"rendered":"https:\/\/yeni.star.org.tr\/komiteler\/itiraz-ve-sikayet-komitesi\/"},"modified":"2026-01-30T11:32:21","modified_gmt":"2026-01-30T08:32:21","slug":"appeals-and-complaints-committee","status":"publish","type":"page","link":"https:\/\/star.org.tr\/en\/committees\/appeals-and-complaints-committee\/","title":{"rendered":"Appeals and Complaints Committee"},"content":{"rendered":"<style>.elementor-1541 .elementor-element.elementor-element-8d8b306{--display:flex;}.elementor-1541 .elementor-element.elementor-element-8d8b306:not(.elementor-motion-effects-element-type-background), .elementor-1541 .elementor-element.elementor-element-8d8b306 > .elementor-motion-effects-container > .elementor-motion-effects-layer{background-color:#F6F6F6;}.elementor-widget-text-editor{font-family:var( --e-global-typography-text-font-family ), Sans-serif;font-size:var( --e-global-typography-text-font-size );font-weight:var( --e-global-typography-text-font-weight );text-transform:var( --e-global-typography-text-text-transform );line-height:var( --e-global-typography-text-line-height );letter-spacing:var( --e-global-typography-text-letter-spacing );color:var( --e-global-color-text );}.elementor-widget-text-editor.elementor-drop-cap-view-stacked .elementor-drop-cap{background-color:var( --e-global-color-primary );}.elementor-widget-text-editor.elementor-drop-cap-view-framed .elementor-drop-cap, .elementor-widget-text-editor.elementor-drop-cap-view-default .elementor-drop-cap{color:var( --e-global-color-primary );border-color:var( --e-global-color-primary );}.elementor-1541 .elementor-element.elementor-element-4d6d101{text-align:center;font-family:\"Poppins\", Sans-serif;font-size:25px;font-weight:600;text-transform:none;line-height:1.8em;letter-spacing:0px;color:#202B5D;margin:30px 0px calc(var(--kit-widget-spacing, 0px) + 0px) 0px;}.elementor-1541 .elementor-element.elementor-element-ebd19ad{text-align:center;font-family:\"Poppins\", Sans-serif;font-size:25px;font-weight:600;text-transform:none;line-height:1.8em;letter-spacing:0px;color:#202B5D;margin:-40px 0px calc(var(--kit-widget-spacing, 0px) + 0px) 0px;}.elementor-1541 .elementor-element.elementor-element-1a6cc06{--display:flex;--flex-direction:column;--container-widget-width:100%;--container-widget-height:initial;--container-widget-flex-grow:0;--container-widget-align-self:initial;--flex-wrap-mobile:wrap;--margin-top:0px;--margin-bottom:0px;--margin-left:0px;--margin-right:0px;--padding-top:20px;--padding-bottom:20px;--padding-left:50px;--padding-right:50px;}.elementor-1541 .elementor-element.elementor-element-1a6cc06:not(.elementor-motion-effects-element-type-background), .elementor-1541 .elementor-element.elementor-element-1a6cc06 > .elementor-motion-effects-container > .elementor-motion-effects-layer{background-color:#FFFFFF;}.elementor-1541 .elementor-element.elementor-element-56f0191{font-size:16px;font-weight:400;text-transform:none;text-decoration:none;line-height:1.8em;letter-spacing:0px;color:#202B5D;}.elementor-1541 .elementor-element.elementor-element-56f0191 a{color:#202B5D;}:root{--page-title-display:none;}@media(max-width:1366px){.elementor-widget-text-editor{font-size:var( --e-global-typography-text-font-size );line-height:var( --e-global-typography-text-line-height );letter-spacing:var( --e-global-typography-text-letter-spacing );}}@media(max-width:1024px){.elementor-widget-text-editor{font-size:var( --e-global-typography-text-font-size );line-height:var( --e-global-typography-text-line-height );letter-spacing:var( --e-global-typography-text-letter-spacing );}.elementor-1541 .elementor-element.elementor-element-4d6d101{font-size:15px;}.elementor-1541 .elementor-element.elementor-element-ebd19ad{font-size:15px;}.elementor-1541 .elementor-element.elementor-element-56f0191{font-size:15px;}}@media(max-width:767px){.elementor-widget-text-editor{font-size:var( --e-global-typography-text-font-size );line-height:var( --e-global-typography-text-line-height );letter-spacing:var( --e-global-typography-text-letter-spacing );}.elementor-1541 .elementor-element.elementor-element-4d6d101{font-size:20px;}.elementor-1541 .elementor-element.elementor-element-ebd19ad{font-size:15px;margin:-30px 0px calc(var(--kit-widget-spacing, 0px) + 0px) 0px;}.elementor-1541 .elementor-element.elementor-element-1a6cc06{--padding-top:20px;--padding-bottom:20px;--padding-left:10px;--padding-right:10px;}.elementor-1541 .elementor-element.elementor-element-56f0191{font-size:15px;}}<\/style>\t\t<div data-elementor-type=\"wp-page\" data-elementor-id=\"1541\" class=\"elementor elementor-1541 elementor-728\">\n\t\t\t\t<div class=\"elementor-element elementor-element-8d8b306 e-flex e-con-boxed e-con e-parent\" data-id=\"8d8b306\" data-element_type=\"container\" data-e-type=\"container\" data-settings=\"{&quot;background_background&quot;:&quot;classic&quot;}\">\n\t\t\t\t\t<div class=\"e-con-inner\">\n\t\t\t\t<div class=\"elementor-element elementor-element-4d6d101 elementor-widget elementor-widget-text-editor\" data-id=\"4d6d101\" data-element_type=\"widget\" data-e-type=\"widget\" data-widget_type=\"text-editor.default\">\n\t\t\t\t\t\t\t\t\t<p>Appeals and Complaints Committee<\/p>\t\t\t\t\t\t\t\t<\/div>\n\t\t\t\t<div class=\"elementor-element elementor-element-ebd19ad elementor-hidden-tablet elementor-hidden-mobile elementor-widget elementor-widget-text-editor\" data-id=\"ebd19ad\" data-element_type=\"widget\" data-e-type=\"widget\" data-widget_type=\"text-editor.default\">\n\t\t\t\t\t\t\t\t\t<ul id=\"breadcrumb\"><li class=\"breadcrumb-item\">Committee \/<\/li><li class=\"breadcrumb-item\"><span class=\"active\">Appeals and Complaints Committee<br \/><\/span><\/li><\/ul>\t\t\t\t\t\t\t\t<\/div>\n\t\t\t\t\t<\/div>\n\t\t\t\t<\/div>\n\t\t<div class=\"elementor-element elementor-element-1a6cc06 e-con-full e-flex e-con e-parent\" data-id=\"1a6cc06\" data-element_type=\"container\" data-e-type=\"container\" id=\"kurumsal-egitimler\" data-settings=\"{&quot;background_background&quot;:&quot;classic&quot;}\">\n\t\t\t\t<div class=\"elementor-element elementor-element-56f0191 elementor-widget elementor-widget-text-editor\" data-id=\"56f0191\" data-element_type=\"widget\" data-e-type=\"widget\" id=\"yonerge\" data-widget_type=\"text-editor.default\">\n\t\t\t\t\t\t\t\t\t<table><thead><tr><th>\u00a0<\/th><th>Duty<\/th><th>Title<\/th><th>Name-Surname<\/th><\/tr><\/thead><tbody><tr><td>1<\/td><td>Chairperson<\/td><td>Professor Doctor<\/td><td>Naz\u0131m EKREN<\/td><\/tr><tr><td>2<\/td><td>Member<\/td><td>Professor Doctor<\/td><td>Mustafa AYKA\u00c7<\/td><\/tr><tr><td>3<\/td><td>Member<\/td><td>Doctor<\/td><td>Mefule FINDIK\u00c7I ERDO\u011eAN<\/td><\/tr><tr><td>4<\/td><td>Associate Member<\/td><td>Professor Doctor<\/td><td>Baki AKSU<\/td><\/tr><\/tbody><\/table>\t\t\t\t\t\t\t\t<\/div>\n\t\t\t\t<\/div>\n\t\t\t\t<\/div>\n\t\t","protected":false},"excerpt":{"rendered":"<p>Appeals and Complaints Committee Committee \/ Appeals and Complaints Committee \u00a0 Duty Title Name-Surname 1 Chairperson Professor Doctor Naz\u0131m EKREN 2 Member Professor Doctor Mustafa AYKA\u00c7 3 Member Doctor Mefule FINDIK\u00c7I ERDO\u011eAN 4 Associate Member Professor Doctor Baki AKSU<\/p>\n","protected":false},"author":1,"featured_media":0,"parent":1537,"menu_order":0,"comment_status":"closed","ping_status":"closed","template":"","meta":{"footnotes":""},"class_list":["post-1541","page","type-page","status-publish","hentry"],"_links":{"self":[{"href":"https:\/\/star.org.tr\/en\/wp-json\/wp\/v2\/pages\/1541","targetHints":{"allow":["GET"]}}],"collection":[{"href":"https:\/\/star.org.tr\/en\/wp-json\/wp\/v2\/pages"}],"about":[{"href":"https:\/\/star.org.tr\/en\/wp-json\/wp\/v2\/types\/page"}],"author":[{"embeddable":true,"href":"https:\/\/star.org.tr\/en\/wp-json\/wp\/v2\/users\/1"}],"replies":[{"embeddable":true,"href":"https:\/\/star.org.tr\/en\/wp-json\/wp\/v2\/comments?post=1541"}],"version-history":[{"count":5,"href":"https:\/\/star.org.tr\/en\/wp-json\/wp\/v2\/pages\/1541\/revisions"}],"predecessor-version":[{"id":1814,"href":"https:\/\/star.org.tr\/en\/wp-json\/wp\/v2\/pages\/1541\/revisions\/1814"}],"up":[{"embeddable":true,"href":"https:\/\/star.org.tr\/en\/wp-json\/wp\/v2\/pages\/1537"}],"wp:attachment":[{"href":"https:\/\/star.org.tr\/en\/wp-json\/wp\/v2\/media?parent=1541"}],"curies":[{"name":"wp","href":"https:\/\/api.w.org\/{rel}","templated":true}]}}