{"id":1552,"date":"2026-01-22T11:09:42","date_gmt":"2026-01-22T08:09:42","guid":{"rendered":"https:\/\/yeni.star.org.tr\/starak-akreditasyon-kurulu\/"},"modified":"2026-01-30T11:20:46","modified_gmt":"2026-01-30T08:20:46","slug":"starak-accreditation-board","status":"publish","type":"page","link":"https:\/\/star.org.tr\/en\/starak-accreditation-board\/","title":{"rendered":"STARAK Accreditation Board"},"content":{"rendered":"<style>.elementor-1552 .elementor-element.elementor-element-be2352c{--display:flex;}.elementor-1552 .elementor-element.elementor-element-be2352c:not(.elementor-motion-effects-element-type-background), .elementor-1552 .elementor-element.elementor-element-be2352c > .elementor-motion-effects-container > .elementor-motion-effects-layer{background-color:#F6F6F6;}.elementor-widget-text-editor{font-family:var( --e-global-typography-text-font-family ), Sans-serif;font-size:var( --e-global-typography-text-font-size );font-weight:var( --e-global-typography-text-font-weight );text-transform:var( --e-global-typography-text-text-transform );line-height:var( --e-global-typography-text-line-height );letter-spacing:var( --e-global-typography-text-letter-spacing );color:var( --e-global-color-text );}.elementor-widget-text-editor.elementor-drop-cap-view-stacked .elementor-drop-cap{background-color:var( --e-global-color-primary );}.elementor-widget-text-editor.elementor-drop-cap-view-framed .elementor-drop-cap, .elementor-widget-text-editor.elementor-drop-cap-view-default .elementor-drop-cap{color:var( --e-global-color-primary );border-color:var( --e-global-color-primary );}.elementor-1552 .elementor-element.elementor-element-de4f45a{text-align:center;font-family:\"Poppins\", Sans-serif;font-size:25px;font-weight:600;text-transform:none;line-height:1.8em;letter-spacing:0px;color:#202B5D;margin:30px 0px calc(var(--kit-widget-spacing, 0px) + 0px) 0px;}.elementor-1552 .elementor-element.elementor-element-83ef72a{text-align:center;font-family:\"Poppins\", Sans-serif;font-size:25px;font-weight:600;text-transform:none;line-height:1.8em;letter-spacing:0px;color:#202B5D;margin:-40px 0px calc(var(--kit-widget-spacing, 0px) + 0px) 0px;}.elementor-1552 .elementor-element.elementor-element-6227877{--display:flex;--flex-direction:column;--container-widget-width:100%;--container-widget-height:initial;--container-widget-flex-grow:0;--container-widget-align-self:initial;--flex-wrap-mobile:wrap;--margin-top:0px;--margin-bottom:0px;--margin-left:0px;--margin-right:0px;--padding-top:20px;--padding-bottom:20px;--padding-left:50px;--padding-right:50px;}.elementor-1552 .elementor-element.elementor-element-6227877:not(.elementor-motion-effects-element-type-background), .elementor-1552 .elementor-element.elementor-element-6227877 > .elementor-motion-effects-container > .elementor-motion-effects-layer{background-color:#FFFFFF;}.elementor-1552 .elementor-element.elementor-element-410270a{font-size:16px;font-weight:400;text-transform:none;text-decoration:none;line-height:1.8em;letter-spacing:0px;color:#202B5D;}.elementor-1552 .elementor-element.elementor-element-410270a a{color:#202B5D;}:root{--page-title-display:none;}@media(max-width:1366px){.elementor-widget-text-editor{font-size:var( --e-global-typography-text-font-size );line-height:var( --e-global-typography-text-line-height );letter-spacing:var( --e-global-typography-text-letter-spacing );}}@media(max-width:1024px){.elementor-widget-text-editor{font-size:var( --e-global-typography-text-font-size );line-height:var( --e-global-typography-text-line-height );letter-spacing:var( --e-global-typography-text-letter-spacing );}.elementor-1552 .elementor-element.elementor-element-de4f45a{font-size:15px;}.elementor-1552 .elementor-element.elementor-element-83ef72a{font-size:15px;}.elementor-1552 .elementor-element.elementor-element-410270a{font-size:15px;}}@media(max-width:767px){.elementor-widget-text-editor{font-size:var( --e-global-typography-text-font-size );line-height:var( --e-global-typography-text-line-height );letter-spacing:var( --e-global-typography-text-letter-spacing );}.elementor-1552 .elementor-element.elementor-element-de4f45a{font-size:20px;}.elementor-1552 .elementor-element.elementor-element-83ef72a{font-size:15px;margin:-30px 0px calc(var(--kit-widget-spacing, 0px) + 0px) 0px;}.elementor-1552 .elementor-element.elementor-element-6227877{--padding-top:20px;--padding-bottom:20px;--padding-left:10px;--padding-right:10px;}.elementor-1552 .elementor-element.elementor-element-410270a{font-size:15px;}}<\/style>\t\t<div data-elementor-type=\"wp-page\" data-elementor-id=\"1552\" class=\"elementor elementor-1552 elementor-125\">\n\t\t\t\t<div class=\"elementor-element elementor-element-be2352c e-flex e-con-boxed e-con e-parent\" data-id=\"be2352c\" data-element_type=\"container\" data-e-type=\"container\" data-settings=\"{&quot;background_background&quot;:&quot;classic&quot;}\">\n\t\t\t\t\t<div class=\"e-con-inner\">\n\t\t\t\t<div class=\"elementor-element elementor-element-de4f45a elementor-widget elementor-widget-text-editor\" data-id=\"de4f45a\" data-element_type=\"widget\" data-e-type=\"widget\" data-widget_type=\"text-editor.default\">\n\t\t\t\t\t\t\t\t\t<p>STARAK Accreditation Board<\/p>\t\t\t\t\t\t\t\t<\/div>\n\t\t\t\t<div class=\"elementor-element elementor-element-83ef72a elementor-hidden-tablet elementor-hidden-mobile elementor-widget elementor-widget-text-editor\" data-id=\"83ef72a\" data-element_type=\"widget\" data-e-type=\"widget\" data-widget_type=\"text-editor.default\">\n\t\t\t\t\t\t\t\t\t<ul id=\"breadcrumb\"><li class=\"breadcrumb-item\">Institutional \/<\/li><li class=\"breadcrumb-item\"><span class=\"active\">STARAK Accreditation Board<br \/><\/span><\/li><\/ul>\t\t\t\t\t\t\t\t<\/div>\n\t\t\t\t\t<\/div>\n\t\t\t\t<\/div>\n\t\t<div class=\"elementor-element elementor-element-6227877 e-con-full e-flex e-con e-parent\" data-id=\"6227877\" data-element_type=\"container\" data-e-type=\"container\" id=\"kurumsal-egitimler\" data-settings=\"{&quot;background_background&quot;:&quot;classic&quot;}\">\n\t\t\t\t<div class=\"elementor-element elementor-element-410270a elementor-widget elementor-widget-text-editor\" data-id=\"410270a\" data-element_type=\"widget\" data-e-type=\"widget\" id=\"yonerge\" data-widget_type=\"text-editor.default\">\n\t\t\t\t\t\t\t\t\t<p style=\"text-align: center;\"><strong>Social, Humanities Basic Sciences Undergraduate Programs Accreditation Board<\/strong>\u00a0\u00a0<\/p><figure class=\"table\"><table><thead><tr><th>Duty<\/th><th>Title<\/th><th>Name-Surname<\/th><\/tr><\/thead><tbody><tr><td>Chairperson<\/td><td>Professor Doctor<\/td><td>Dilek DEM\u0130RBA\u015e<\/td><\/tr><tr><td>Vice Chairperson<\/td><td>Professor Doctor<\/td><td>Ahmet Faruk AYSAN<\/td><\/tr><tr><td>Member<\/td><td>Professor Doctor<\/td><td>\u0130lhan EGE<\/td><\/tr><tr><td>Member<\/td><td>Professor Doctor<\/td><td>Ahmet Vecdi CAN<\/td><\/tr><tr><td>Member<\/td><td>Professor Doctor<\/td><td>Nihat ALAYO\u011eLU<\/td><\/tr><tr><td>Member<\/td><td>Professor Doctor<\/td><td>Ahmet Vedat AKG\u0130RAY<\/td><\/tr><tr><td>Member<\/td><td>Businesspeople<\/td><td>\u0130hsan TA\u015eER<\/td><\/tr><tr><td>Member<\/td><td>Professor Doctor<\/td><td>Mustafa T\u00dcMER<\/td><\/tr><tr><td>Student Member<\/td><td>Graduate Student<\/td><td>H\u00fcseyin Caner \u00d6ZKAN<\/td><\/tr><\/tbody><\/table><\/figure>\t\t\t\t\t\t\t\t<\/div>\n\t\t\t\t<\/div>\n\t\t\t\t<\/div>\n\t\t","protected":false},"excerpt":{"rendered":"<p>STARAK Accreditation Board Institutional \/ STARAK Accreditation Board Social, Humanities Basic Sciences Undergraduate Programs Accreditation Board\u00a0\u00a0 Duty Title Name-Surname Chairperson Professor Doctor Dilek DEM\u0130RBA\u015e Vice Chairperson Professor Doctor Ahmet Faruk AYSAN Member Professor Doctor \u0130lhan EGE Member Professor Doctor Ahmet Vecdi CAN Member Professor Doctor Nihat ALAYO\u011eLU Member Professor Doctor Ahmet Vedat AKG\u0130RAY Member Businesspeople [&hellip;]<\/p>\n","protected":false},"author":1,"featured_media":0,"parent":0,"menu_order":0,"comment_status":"closed","ping_status":"closed","template":"","meta":{"footnotes":""},"class_list":["post-1552","page","type-page","status-publish","hentry"],"_links":{"self":[{"href":"https:\/\/star.org.tr\/en\/wp-json\/wp\/v2\/pages\/1552","targetHints":{"allow":["GET"]}}],"collection":[{"href":"https:\/\/star.org.tr\/en\/wp-json\/wp\/v2\/pages"}],"about":[{"href":"https:\/\/star.org.tr\/en\/wp-json\/wp\/v2\/types\/page"}],"author":[{"embeddable":true,"href":"https:\/\/star.org.tr\/en\/wp-json\/wp\/v2\/users\/1"}],"replies":[{"embeddable":true,"href":"https:\/\/star.org.tr\/en\/wp-json\/wp\/v2\/comments?post=1552"}],"version-history":[{"count":4,"href":"https:\/\/star.org.tr\/en\/wp-json\/wp\/v2\/pages\/1552\/revisions"}],"predecessor-version":[{"id":1793,"href":"https:\/\/star.org.tr\/en\/wp-json\/wp\/v2\/pages\/1552\/revisions\/1793"}],"wp:attachment":[{"href":"https:\/\/star.org.tr\/en\/wp-json\/wp\/v2\/media?parent=1552"}],"curies":[{"name":"wp","href":"https:\/\/api.w.org\/{rel}","templated":true}]}}