{"id":1558,"date":"2026-01-22T11:09:29","date_gmt":"2026-01-22T08:09:29","guid":{"rendered":"https:\/\/yeni.star.org.tr\/yonetim-kurulu\/"},"modified":"2026-01-30T11:18:45","modified_gmt":"2026-01-30T08:18:45","slug":"executive-board","status":"publish","type":"page","link":"https:\/\/star.org.tr\/en\/executive-board\/","title":{"rendered":"Executive Board"},"content":{"rendered":"<style>.elementor-1558 .elementor-element.elementor-element-4c862eb{--display:flex;}.elementor-1558 .elementor-element.elementor-element-4c862eb:not(.elementor-motion-effects-element-type-background), .elementor-1558 .elementor-element.elementor-element-4c862eb > .elementor-motion-effects-container > .elementor-motion-effects-layer{background-color:#F6F6F6;}.elementor-widget-text-editor{font-family:var( --e-global-typography-text-font-family ), Sans-serif;font-size:var( --e-global-typography-text-font-size );font-weight:var( --e-global-typography-text-font-weight );text-transform:var( --e-global-typography-text-text-transform );line-height:var( --e-global-typography-text-line-height );letter-spacing:var( --e-global-typography-text-letter-spacing );color:var( --e-global-color-text );}.elementor-widget-text-editor.elementor-drop-cap-view-stacked .elementor-drop-cap{background-color:var( --e-global-color-primary );}.elementor-widget-text-editor.elementor-drop-cap-view-framed .elementor-drop-cap, .elementor-widget-text-editor.elementor-drop-cap-view-default .elementor-drop-cap{color:var( --e-global-color-primary );border-color:var( --e-global-color-primary );}.elementor-1558 .elementor-element.elementor-element-e323ead{text-align:center;font-family:\"Poppins\", Sans-serif;font-size:25px;font-weight:600;text-transform:none;line-height:1.8em;letter-spacing:0px;color:#202B5D;margin:30px 0px calc(var(--kit-widget-spacing, 0px) + 0px) 0px;}.elementor-1558 .elementor-element.elementor-element-71978bd{text-align:center;font-family:\"Poppins\", Sans-serif;font-size:25px;font-weight:600;text-transform:none;line-height:1.8em;letter-spacing:0px;color:#202B5D;margin:-40px 0px calc(var(--kit-widget-spacing, 0px) + 0px) 0px;}.elementor-1558 .elementor-element.elementor-element-d08c0a0{--display:flex;--flex-direction:column;--container-widget-width:100%;--container-widget-height:initial;--container-widget-flex-grow:0;--container-widget-align-self:initial;--flex-wrap-mobile:wrap;--margin-top:0px;--margin-bottom:0px;--margin-left:0px;--margin-right:0px;--padding-top:20px;--padding-bottom:20px;--padding-left:50px;--padding-right:50px;}.elementor-1558 .elementor-element.elementor-element-d08c0a0:not(.elementor-motion-effects-element-type-background), .elementor-1558 .elementor-element.elementor-element-d08c0a0 > .elementor-motion-effects-container > .elementor-motion-effects-layer{background-color:#FFFFFF;}.elementor-1558 .elementor-element.elementor-element-02ca37b{font-size:16px;font-weight:400;text-transform:none;text-decoration:none;line-height:1.8em;letter-spacing:0px;color:#202B5D;}.elementor-1558 .elementor-element.elementor-element-02ca37b a{color:#202B5D;}:root{--page-title-display:none;}@media(max-width:1366px){.elementor-widget-text-editor{font-size:var( --e-global-typography-text-font-size );line-height:var( --e-global-typography-text-line-height );letter-spacing:var( --e-global-typography-text-letter-spacing );}}@media(max-width:1024px){.elementor-widget-text-editor{font-size:var( --e-global-typography-text-font-size );line-height:var( --e-global-typography-text-line-height );letter-spacing:var( --e-global-typography-text-letter-spacing );}.elementor-1558 .elementor-element.elementor-element-e323ead{font-size:15px;}.elementor-1558 .elementor-element.elementor-element-71978bd{font-size:15px;}.elementor-1558 .elementor-element.elementor-element-02ca37b{font-size:15px;}}@media(max-width:767px){.elementor-widget-text-editor{font-size:var( --e-global-typography-text-font-size );line-height:var( --e-global-typography-text-line-height );letter-spacing:var( --e-global-typography-text-letter-spacing );}.elementor-1558 .elementor-element.elementor-element-e323ead{font-size:20px;}.elementor-1558 .elementor-element.elementor-element-71978bd{font-size:15px;margin:-30px 0px calc(var(--kit-widget-spacing, 0px) + 0px) 0px;}.elementor-1558 .elementor-element.elementor-element-d08c0a0{--padding-top:20px;--padding-bottom:20px;--padding-left:10px;--padding-right:10px;}.elementor-1558 .elementor-element.elementor-element-02ca37b{font-size:15px;}}<\/style>\t\t<div data-elementor-type=\"wp-page\" data-elementor-id=\"1558\" class=\"elementor elementor-1558 elementor-124\">\n\t\t\t\t<div class=\"elementor-element elementor-element-4c862eb e-flex e-con-boxed e-con e-parent\" data-id=\"4c862eb\" data-element_type=\"container\" data-e-type=\"container\" data-settings=\"{&quot;background_background&quot;:&quot;classic&quot;}\">\n\t\t\t\t\t<div class=\"e-con-inner\">\n\t\t\t\t<div class=\"elementor-element elementor-element-e323ead elementor-widget elementor-widget-text-editor\" data-id=\"e323ead\" data-element_type=\"widget\" data-e-type=\"widget\" data-widget_type=\"text-editor.default\">\n\t\t\t\t\t\t\t\t\t<p>Executive Board<\/p>\t\t\t\t\t\t\t\t<\/div>\n\t\t\t\t<div class=\"elementor-element elementor-element-71978bd elementor-hidden-tablet elementor-hidden-mobile elementor-widget elementor-widget-text-editor\" data-id=\"71978bd\" data-element_type=\"widget\" data-e-type=\"widget\" data-widget_type=\"text-editor.default\">\n\t\t\t\t\t\t\t\t\t<ul id=\"breadcrumb\">\n \t<li class=\"breadcrumb-item\">Institutional \/<\/li>\n \t<li class=\"breadcrumb-item\"><span class=\"active\">Executive Board\n<\/span><\/li>\n<\/ul>\t\t\t\t\t\t\t\t<\/div>\n\t\t\t\t\t<\/div>\n\t\t\t\t<\/div>\n\t\t<div class=\"elementor-element elementor-element-d08c0a0 e-con-full e-flex e-con e-parent\" data-id=\"d08c0a0\" data-element_type=\"container\" data-e-type=\"container\" id=\"kurumsal-egitimler\" data-settings=\"{&quot;background_background&quot;:&quot;classic&quot;}\">\n\t\t\t\t<div class=\"elementor-element elementor-element-02ca37b elementor-widget elementor-widget-text-editor\" data-id=\"02ca37b\" data-element_type=\"widget\" data-e-type=\"widget\" id=\"yonerge\" data-widget_type=\"text-editor.default\">\n\t\t\t\t\t\t\t\t\t<figure class=\"table\"><table><thead><tr><th><strong>Duty<\/strong><\/th><th><strong>Title<\/strong><\/th><th><strong>Name-Surname<\/strong><\/th><\/tr><\/thead><tbody><tr><td>Chairperson<\/td><td>Doctor<\/td><td>\u0130smail Erkam T\u00dcZGEN<\/td><\/tr><tr><td>Vice Chairperson<\/td><td>Associate Professor Doctor<\/td><td>Turgay GE\u00c7ER<\/td><\/tr><tr><td>Member<\/td><td>Associate Professor Doctor<\/td><td>Mehmet Fatih AYSAN<\/td><\/tr><tr><td>Member<\/td><td>Research Assistant<\/td><td>Halil \u0130brahim ALEG\u00d6Z<\/td><\/tr><tr><td>Member<\/td><td>Businessman<\/td><td>Mira\u00e7 Talha DURMU\u015e<\/td><\/tr><\/tbody><\/table><\/figure><figure class=\"table\"><table><thead><tr><th><strong>Advisor to Executive Board<\/strong><\/th><th><strong>Professor Doctor \u00a0 \u00a0 \u00a0 \u00a0 \u00a0 \u00a0 \u00a0 \u00a0 \u00a0 \u00a0 \u00a0 \u00a0\u00a0<\/strong><\/th><th><strong>\u00a0Ali BAYRAKDARO\u011eLU \u00a0 \u00a0 \u00a0 \u00a0\u00a0<\/strong><\/th><\/tr><\/thead><\/table><\/figure>\t\t\t\t\t\t\t\t<\/div>\n\t\t\t\t<\/div>\n\t\t\t\t<\/div>\n\t\t","protected":false},"excerpt":{"rendered":"<p>Executive Board Institutional \/ Executive Board Duty Title Name-Surname Chairperson Doctor \u0130smail Erkam T\u00dcZGEN Vice Chairperson Associate Professor Doctor Turgay GE\u00c7ER Member Associate Professor Doctor Mehmet Fatih AYSAN Member Research Assistant Halil \u0130brahim ALEG\u00d6Z Member Businessman Mira\u00e7 Talha DURMU\u015e Advisor to Executive Board Professor Doctor \u00a0 \u00a0 \u00a0 \u00a0 \u00a0 \u00a0 \u00a0 \u00a0 \u00a0 \u00a0 [&hellip;]<\/p>\n","protected":false},"author":1,"featured_media":0,"parent":0,"menu_order":0,"comment_status":"closed","ping_status":"closed","template":"","meta":{"footnotes":""},"class_list":["post-1558","page","type-page","status-publish","hentry"],"_links":{"self":[{"href":"https:\/\/star.org.tr\/en\/wp-json\/wp\/v2\/pages\/1558","targetHints":{"allow":["GET"]}}],"collection":[{"href":"https:\/\/star.org.tr\/en\/wp-json\/wp\/v2\/pages"}],"about":[{"href":"https:\/\/star.org.tr\/en\/wp-json\/wp\/v2\/types\/page"}],"author":[{"embeddable":true,"href":"https:\/\/star.org.tr\/en\/wp-json\/wp\/v2\/users\/1"}],"replies":[{"embeddable":true,"href":"https:\/\/star.org.tr\/en\/wp-json\/wp\/v2\/comments?post=1558"}],"version-history":[{"count":4,"href":"https:\/\/star.org.tr\/en\/wp-json\/wp\/v2\/pages\/1558\/revisions"}],"predecessor-version":[{"id":1789,"href":"https:\/\/star.org.tr\/en\/wp-json\/wp\/v2\/pages\/1558\/revisions\/1789"}],"wp:attachment":[{"href":"https:\/\/star.org.tr\/en\/wp-json\/wp\/v2\/media?parent=1558"}],"curies":[{"name":"wp","href":"https:\/\/api.w.org\/{rel}","templated":true}]}}